{"id":427,"date":"2016-10-28T00:30:35","date_gmt":"2016-10-27T23:30:35","guid":{"rendered":"http:\/\/www.cmrpi.ma\/cmrpi-v2\/?page_id=427"},"modified":"2016-10-28T00:30:35","modified_gmt":"2016-10-27T23:30:35","slug":"delegations-du-cmrpi","status":"publish","type":"page","link":"https:\/\/www.cmrpi.ma\/cmrpi-v2\/delegations-du-cmrpi\/","title":{"rendered":"D\u00e9l\u00e9gations du CMRPI"},"content":{"rendered":"<p style=\"text-align: justify;\"><strong>Objectif de cr\u00e9ation\u00a0:<\/strong><\/p>\n<p style=\"text-align: justify;\">Le Centre Marocain de Recherches Polytechniques et d\u2019Innovation, assure ses activit\u00e9s \u00e0 l\u2019\u00e9chelle du Centre domicili\u00e9 \u00e0 la ville de K\u00e9nitra au Campus universitaire, mais \u00e9galement \u00e0 travers ses antennes organis\u00e9s suivant le statut du CMRPI sous forme de d\u00e9l\u00e9gations r\u00e9gionales et \u00e0 l\u2019\u00e9tranger dans autour des villes universitaires. Ces d\u00e9l\u00e9gations g\u00e9r\u00e9es par un bureau et un pr\u00e9sident de la d\u00e9l\u00e9gation du CMRPI disposent d\u2019une grande autonomie et avec\u00a0 une harmonie et coordination avec le Centre, dans \u00a0la proposition et le choix des projets scientifiques et d\u2019innovation \u00e0 forte valeur ajout\u00e9e, l\u2019objectif est donc de permettre aux membres du CMRPI chercheurs et experts\u00a0 en g\u00e9n\u00e9ral \u00e0 des laboratoires de recherches universitaires et \u00e9galement des professionnels du monde de la technologie et de la recherche pointues, de leur permettre\u00a0 de s\u2019impliquer dans les projets et les solutions aux probl\u00e9matiques pr\u00e9occupant leurs r\u00e9gions.<\/p>\n<p style=\"text-align: justify;\">Le CMRPI, est actuellement en phase de mise en place de nouvelles d\u00e9l\u00e9gations pour r\u00e9pondre aux objectifs du Centre qui s\u2019articule autour de contribuer \u00e0 l\u2019\u00e9chelle r\u00e9gionale dans le d\u00e9veloppement durable, en mettant \u00e0 la disposition de la r\u00e9gion l\u2019expertise et le savoir-faire scientifique du Centre dans les domaines en relation avec sa vision en harmonie avec les axes prioritaires de notre pays.<\/p>\n<p style=\"text-align: justify;\">Des d\u00e9l\u00e9gations sp\u00e9cialement con\u00e7ues pour les membres du CMRPI, chercheurs r\u00e9sidant \u00e0 l\u2019\u00e9tranger, sont mis en place pour impliquer les bonnes volont\u00e9s marocaines qui souhaitent servir le pays \u00e0 partir de leur position et suivant leurs sp\u00e9cialit\u00e9s au sein des universit\u00e9s et des entreprises\u00a0 \u00e9trang\u00e8res.<\/p>\n<p style=\"text-align: justify;\"><strong>D\u00e9l\u00e9gations du CMRPI\u00a0:<\/strong><\/p>\n<ul>\n<li style=\"text-align: justify;\">D\u00e9l\u00e9gation de l\u2019orientale<\/li>\n<li style=\"text-align: justify;\">D\u00e9l\u00e9gation de Tanger- T\u00e9touan<\/li>\n<li style=\"text-align: justify;\">D\u00e9l\u00e9gation de Rabat-K\u00e9nitra<\/li>\n<li style=\"text-align: justify;\">D\u00e9l\u00e9gation de Casablanca<\/li>\n<li style=\"text-align: justify;\">D\u00e9l\u00e9gation de Marrakech<\/li>\n<li style=\"text-align: justify;\">D\u00e9l\u00e9gation d\u2019Agadir<\/li>\n<li style=\"text-align: justify;\">D\u00e9l\u00e9gation \u00e0 Canada<\/li>\n<li style=\"text-align: justify;\">D\u00e9l\u00e9gation \u00e0 Paris<\/li>\n<\/ul>\n","protected":false},"excerpt":{"rendered":"<p>Objectif de cr\u00e9ation\u00a0: Le Centre Marocain de Recherches Polytechniques et d\u2019Innovation, assure ses activit\u00e9s \u00e0 l\u2019\u00e9chelle du Centre domicili\u00e9 \u00e0 la ville de K\u00e9nitra au Campus universitaire, mais \u00e9galement \u00e0 travers ses antennes organis\u00e9s suivant le statut du CMRPI sous forme de d\u00e9l\u00e9gations r\u00e9gionales et \u00e0 l\u2019\u00e9tranger dans autour des villes universitaires. Ces d\u00e9l\u00e9gations g\u00e9r\u00e9es<\/p>\n<p class=\"more-link\"><a href=\"https:\/\/www.cmrpi.ma\/cmrpi-v2\/delegations-du-cmrpi\/\" class=\"themebutton\">Lire la suite<\/a><\/p>\n","protected":false},"author":1,"featured_media":0,"parent":0,"menu_order":0,"comment_status":"closed","ping_status":"closed","template":"","meta":{"footnotes":""},"class_list":["post-427","page","type-page","status-publish","hentry"],"_links":{"self":[{"href":"https:\/\/www.cmrpi.ma\/cmrpi-v2\/wp-json\/wp\/v2\/pages\/427","targetHints":{"allow":["GET"]}}],"collection":[{"href":"https:\/\/www.cmrpi.ma\/cmrpi-v2\/wp-json\/wp\/v2\/pages"}],"about":[{"href":"https:\/\/www.cmrpi.ma\/cmrpi-v2\/wp-json\/wp\/v2\/types\/page"}],"author":[{"embeddable":true,"href":"https:\/\/www.cmrpi.ma\/cmrpi-v2\/wp-json\/wp\/v2\/users\/1"}],"replies":[{"embeddable":true,"href":"https:\/\/www.cmrpi.ma\/cmrpi-v2\/wp-json\/wp\/v2\/comments?post=427"}],"version-history":[{"count":1,"href":"https:\/\/www.cmrpi.ma\/cmrpi-v2\/wp-json\/wp\/v2\/pages\/427\/revisions"}],"predecessor-version":[{"id":428,"href":"https:\/\/www.cmrpi.ma\/cmrpi-v2\/wp-json\/wp\/v2\/pages\/427\/revisions\/428"}],"wp:attachment":[{"href":"https:\/\/www.cmrpi.ma\/cmrpi-v2\/wp-json\/wp\/v2\/media?parent=427"}],"curies":[{"name":"wp","href":"https:\/\/api.w.org\/{rel}","templated":true}]}}