{"id":425,"date":"2016-10-28T00:29:52","date_gmt":"2016-10-27T23:29:52","guid":{"rendered":"http:\/\/www.cmrpi.ma\/cmrpi-v2\/?page_id=425"},"modified":"2016-10-28T00:29:52","modified_gmt":"2016-10-27T23:29:52","slug":"conseil-scientifique","status":"publish","type":"page","link":"https:\/\/www.cmrpi.ma\/cmrpi-v2\/conseil-scientifique\/","title":{"rendered":"Conseil Scientifique"},"content":{"rendered":"<p>Conform\u00e9ment au dispositifs du statut du Centre Marocain de Recherches Polytechniques et d\u2019Innovation, le Conseil scientifique du CMRPI, l\u2019instance responsable sur l\u2019ensemble des projets scientifiques et de recherches du Centre, il est compos\u00e9 en plus des membres du conseil administratif\u00a0 titulaire d\u2019un doctorat, des coordonnateurs des comit\u00e9s scientifiques sp\u00e9cialis\u00e9s et \u00e9galement des membres actifs du CMRPI dans le domaine de la recherche et de l\u2019Innovation.<\/p>\n<p>Le Conseil scientifique se r\u00e9unit sous la pr\u00e9sidence du Pr\u00e9sident du CMRPI pour adoption de la vision\u00a0 globale de nature scientifique du CMRPI et pour valider et \u00e9valuer les projets propos\u00e9s par les membres du centre et \u00e9galement les projets d\u2019expertises ou de consultation engageant le centre \u00a0et qui sont adress\u00e9s par des tiers ou par des \u00e9tablissements publics ou priv\u00e9s ou encore \u00a0dans le cadre de partenariat international.<\/p>\n<p><strong>Coordonnateur du conseil\u00a0:<\/strong><\/p>\n<p>Pr. Moulay Taib Belghiti<\/p>\n<p><strong>Membres du conseil\u00a0:<\/strong><\/p>\n<p>Pr. Youssef BENTALEB, Pr. Hassan Mharzi, Pr. Hamid Seghiouer, Pr. Mohammed Benabdellah, Pr. Lamiaa El Menzhi, Pr. Omar El Bounagui, Pr. Mohamed Merzougui, Pr. Hamid Nach.<\/p>\n","protected":false},"excerpt":{"rendered":"<p>Conform\u00e9ment au dispositifs du statut du Centre Marocain de Recherches Polytechniques et d\u2019Innovation, le Conseil scientifique du CMRPI, l\u2019instance responsable sur l\u2019ensemble des projets scientifiques et de recherches du Centre, il est compos\u00e9 en plus des membres du conseil administratif\u00a0 titulaire d\u2019un doctorat, des coordonnateurs des comit\u00e9s scientifiques sp\u00e9cialis\u00e9s et \u00e9galement des membres actifs du<\/p>\n<p class=\"more-link\"><a href=\"https:\/\/www.cmrpi.ma\/cmrpi-v2\/conseil-scientifique\/\" class=\"themebutton\">Lire la suite<\/a><\/p>\n","protected":false},"author":1,"featured_media":0,"parent":0,"menu_order":0,"comment_status":"closed","ping_status":"closed","template":"","meta":{"footnotes":""},"class_list":["post-425","page","type-page","status-publish","hentry"],"_links":{"self":[{"href":"https:\/\/www.cmrpi.ma\/cmrpi-v2\/wp-json\/wp\/v2\/pages\/425","targetHints":{"allow":["GET"]}}],"collection":[{"href":"https:\/\/www.cmrpi.ma\/cmrpi-v2\/wp-json\/wp\/v2\/pages"}],"about":[{"href":"https:\/\/www.cmrpi.ma\/cmrpi-v2\/wp-json\/wp\/v2\/types\/page"}],"author":[{"embeddable":true,"href":"https:\/\/www.cmrpi.ma\/cmrpi-v2\/wp-json\/wp\/v2\/users\/1"}],"replies":[{"embeddable":true,"href":"https:\/\/www.cmrpi.ma\/cmrpi-v2\/wp-json\/wp\/v2\/comments?post=425"}],"version-history":[{"count":1,"href":"https:\/\/www.cmrpi.ma\/cmrpi-v2\/wp-json\/wp\/v2\/pages\/425\/revisions"}],"predecessor-version":[{"id":426,"href":"https:\/\/www.cmrpi.ma\/cmrpi-v2\/wp-json\/wp\/v2\/pages\/425\/revisions\/426"}],"wp:attachment":[{"href":"https:\/\/www.cmrpi.ma\/cmrpi-v2\/wp-json\/wp\/v2\/media?parent=425"}],"curies":[{"name":"wp","href":"https:\/\/api.w.org\/{rel}","templated":true}]}}