{"id":423,"date":"2016-10-28T00:29:26","date_gmt":"2016-10-27T23:29:26","guid":{"rendered":"http:\/\/www.cmrpi.ma\/cmrpi-v2\/?page_id=423"},"modified":"2016-10-28T00:29:26","modified_gmt":"2016-10-27T23:29:26","slug":"comites-scientifiques-specialises","status":"publish","type":"page","link":"https:\/\/www.cmrpi.ma\/cmrpi-v2\/comites-scientifiques-specialises\/","title":{"rendered":"Comit\u00e9s scientifiques sp\u00e9cialis\u00e9s"},"content":{"rendered":"<p>Les activit\u00e9s et projets de recherches et d\u2019innovation du Centre Marocain de Recherches Polytechniques et d\u2019Innovation\u00a0 sont coordonn\u00e9s et propos\u00e9s par ses p\u00f4les de comp\u00e9tences organis\u00e9s autour de comit\u00e9 scientifiques sp\u00e9cialis\u00e9s, coordonn\u00e9s par un des chercheurs du CMRPI habilit\u00e9 \u00e0 diriger des recherches dans un domaine de recherche de sa sp\u00e9cialit\u00e9.<\/p>\n<p>Suivant le r\u00e8glement interne, le CMRPI dispose des comit\u00e9s scientifiques sp\u00e9cialis\u00e9s suivants\u00a0:<\/p>\n<ol>\n<li>Comit\u00e9 d\u2019ing\u00e9nierie Math\u00e9matique (coordonn\u00e9 par Pr. M.T. Belghiti)<\/li>\n<li>Comit\u00e9 des syst\u00e8mes d\u2019information (coordonn\u00e9e par Pr. H. Seghiouer)<\/li>\n<li>Comit\u00e9 d\u2019Ing\u00e9nierie Informatique (coordonn\u00e9 par Pr. M. Benaabdellah)<\/li>\n<li>Comit\u00e9 de g\u00e9nie \u00e9lectrique, des syst\u00e8mes embarqu\u00e9s et des \u00e9nergies renouvelables (coordonn\u00e9 par Pr. H. Mharzi)<\/li>\n<li>Comit\u00e9 de p\u00e9dagogie et de l\u2019enseignement (coordonn\u00e9 par Pr. Merzougui)<\/li>\n<li>Comit\u00e9 de l\u2019environnement et de d\u00e9veloppement durable et de la biotechnologie (coordonn\u00e9e par Pr. O. Bounagui)<\/li>\n<li>Comit\u00e9 des affaires juridique, \u00e9conomique et de la gouvernance administrative (Coordonn\u00e9e provisoirement par Pr. Y. Bentaleb)<\/li>\n<\/ol>\n","protected":false},"excerpt":{"rendered":"<p>Les activit\u00e9s et projets de recherches et d\u2019innovation du Centre Marocain de Recherches Polytechniques et d\u2019Innovation\u00a0 sont coordonn\u00e9s et propos\u00e9s par ses p\u00f4les de comp\u00e9tences organis\u00e9s autour de comit\u00e9 scientifiques sp\u00e9cialis\u00e9s, coordonn\u00e9s par un des chercheurs du CMRPI habilit\u00e9 \u00e0 diriger des recherches dans un domaine de recherche de sa sp\u00e9cialit\u00e9. Suivant le r\u00e8glement interne,<\/p>\n<p class=\"more-link\"><a href=\"https:\/\/www.cmrpi.ma\/cmrpi-v2\/comites-scientifiques-specialises\/\" class=\"themebutton\">Lire la suite<\/a><\/p>\n","protected":false},"author":1,"featured_media":0,"parent":0,"menu_order":0,"comment_status":"closed","ping_status":"closed","template":"","meta":{"footnotes":""},"class_list":["post-423","page","type-page","status-publish","hentry"],"_links":{"self":[{"href":"https:\/\/www.cmrpi.ma\/cmrpi-v2\/wp-json\/wp\/v2\/pages\/423","targetHints":{"allow":["GET"]}}],"collection":[{"href":"https:\/\/www.cmrpi.ma\/cmrpi-v2\/wp-json\/wp\/v2\/pages"}],"about":[{"href":"https:\/\/www.cmrpi.ma\/cmrpi-v2\/wp-json\/wp\/v2\/types\/page"}],"author":[{"embeddable":true,"href":"https:\/\/www.cmrpi.ma\/cmrpi-v2\/wp-json\/wp\/v2\/users\/1"}],"replies":[{"embeddable":true,"href":"https:\/\/www.cmrpi.ma\/cmrpi-v2\/wp-json\/wp\/v2\/comments?post=423"}],"version-history":[{"count":1,"href":"https:\/\/www.cmrpi.ma\/cmrpi-v2\/wp-json\/wp\/v2\/pages\/423\/revisions"}],"predecessor-version":[{"id":424,"href":"https:\/\/www.cmrpi.ma\/cmrpi-v2\/wp-json\/wp\/v2\/pages\/423\/revisions\/424"}],"wp:attachment":[{"href":"https:\/\/www.cmrpi.ma\/cmrpi-v2\/wp-json\/wp\/v2\/media?parent=423"}],"curies":[{"name":"wp","href":"https:\/\/api.w.org\/{rel}","templated":true}]}}