{"id":421,"date":"2016-10-28T00:28:49","date_gmt":"2016-10-27T23:28:49","guid":{"rendered":"http:\/\/www.cmrpi.ma\/cmrpi-v2\/?page_id=421"},"modified":"2016-10-28T00:28:49","modified_gmt":"2016-10-27T23:28:49","slug":"assemblee-generale-du-cmrpi","status":"publish","type":"page","link":"https:\/\/www.cmrpi.ma\/cmrpi-v2\/assemblee-generale-du-cmrpi\/","title":{"rendered":"Assembl\u00e9e g\u00e9n\u00e9rale du CMRPI"},"content":{"rendered":"<p style=\"text-align: justify;\">L\u2019assembl\u00e9e g\u00e9n\u00e9rale du Centre Marocain de Recherches Polytechniques et d\u2019Innovation\u00a0 est l\u2019instance supr\u00eame et\u00a0 d\u00e9cisionnelle du Centre, il est compos\u00e9 de tous les membres actifs affili\u00e9s aux CMRPI.<\/p>\n<p style=\"text-align: justify;\">Selon l\u2019article 9\u00a0 et 10 du statut du CMRPI, l\u2019assembl\u00e9e g\u00e9n\u00e9rale du Centre d\u00e9termine et adopte la vision globale du CMRPI, l\u2019adoption du rapport moral et financier du centre et \u00e9lut son conseil administratif.<\/p>\n<p style=\"text-align: justify;\">L\u2019assembl\u00e9e g\u00e9n\u00e9rale ordinaire se r\u00e9unit chaque quatre an, alors que dans des cas exceptionnels, le pr\u00e9sident du centre ou deux tiers des membres actifs peuvent appeler \u00e0 une assembl\u00e9e g\u00e9n\u00e9rale extraordinaire\u00a0 pour r\u00e9pondre \u00e0 un besoin critique et urgent du centre.<\/p>\n","protected":false},"excerpt":{"rendered":"<p>L\u2019assembl\u00e9e g\u00e9n\u00e9rale du Centre Marocain de Recherches Polytechniques et d\u2019Innovation\u00a0 est l\u2019instance supr\u00eame et\u00a0 d\u00e9cisionnelle du Centre, il est compos\u00e9 de tous les membres actifs affili\u00e9s aux CMRPI. Selon l\u2019article 9\u00a0 et 10 du statut du CMRPI, l\u2019assembl\u00e9e g\u00e9n\u00e9rale du Centre d\u00e9termine et adopte la vision globale du CMRPI, l\u2019adoption du rapport moral et financier<\/p>\n<p class=\"more-link\"><a href=\"https:\/\/www.cmrpi.ma\/cmrpi-v2\/assemblee-generale-du-cmrpi\/\" class=\"themebutton\">Lire la suite<\/a><\/p>\n","protected":false},"author":1,"featured_media":0,"parent":0,"menu_order":0,"comment_status":"closed","ping_status":"closed","template":"","meta":{"footnotes":""},"class_list":["post-421","page","type-page","status-publish","hentry"],"_links":{"self":[{"href":"https:\/\/www.cmrpi.ma\/cmrpi-v2\/wp-json\/wp\/v2\/pages\/421","targetHints":{"allow":["GET"]}}],"collection":[{"href":"https:\/\/www.cmrpi.ma\/cmrpi-v2\/wp-json\/wp\/v2\/pages"}],"about":[{"href":"https:\/\/www.cmrpi.ma\/cmrpi-v2\/wp-json\/wp\/v2\/types\/page"}],"author":[{"embeddable":true,"href":"https:\/\/www.cmrpi.ma\/cmrpi-v2\/wp-json\/wp\/v2\/users\/1"}],"replies":[{"embeddable":true,"href":"https:\/\/www.cmrpi.ma\/cmrpi-v2\/wp-json\/wp\/v2\/comments?post=421"}],"version-history":[{"count":1,"href":"https:\/\/www.cmrpi.ma\/cmrpi-v2\/wp-json\/wp\/v2\/pages\/421\/revisions"}],"predecessor-version":[{"id":422,"href":"https:\/\/www.cmrpi.ma\/cmrpi-v2\/wp-json\/wp\/v2\/pages\/421\/revisions\/422"}],"wp:attachment":[{"href":"https:\/\/www.cmrpi.ma\/cmrpi-v2\/wp-json\/wp\/v2\/media?parent=421"}],"curies":[{"name":"wp","href":"https:\/\/api.w.org\/{rel}","templated":true}]}}